{"id":2,"date":"2016-05-10T03:48:21","date_gmt":"2016-05-10T01:48:21","guid":{"rendered":"http:\/\/vandeliyar.de\/?page_id=2"},"modified":"2025-04-03T19:33:19","modified_gmt":"2025-04-03T17:33:19","slug":"sample-page","status":"publish","type":"page","link":"https:\/\/m\u00e4rchenreiter.de\/","title":{"rendered":"Das M\u00e4rchen"},"content":{"rendered":"\n<p class=\"has-normal-font-size\">Das M\u00e4rchen vom Nebelwald erz\u00e4hlt die Geschichte, als das gro\u00dfe Nebeltor zwischen der Hierwelt und der Dortwelt noch weit ge\u00f6ffnet war.   <\/p>\n\n\n\n<figure class=\"wp-block-gallery aligncenter columns-1 is-cropped\"><ul class=\"blocks-gallery-grid\"><li class=\"blocks-gallery-item\"><figure><img loading=\"lazy\" width=\"1024\" height=\"683\" src=\"https:\/\/m\u00e4rchenreiter.de\/wp-content\/uploads\/2024\/10\/Freinberg_20240908_064-3-1024x683.jpg\" alt=\"\" data-id=\"510\" data-full-url=\"https:\/\/m\u00e4rchenreiter.de\/wp-content\/uploads\/2024\/10\/Freinberg_20240908_064-3-scaled.jpg\" data-link=\"https:\/\/m\u00e4rchenreiter.de\/?attachment_id=510\" class=\"wp-image-510\" srcset=\"https:\/\/m\u00e4rchenreiter.de\/wp-content\/uploads\/2024\/10\/Freinberg_20240908_064-3-1024x683.jpg 1024w, https:\/\/m\u00e4rchenreiter.de\/wp-content\/uploads\/2024\/10\/Freinberg_20240908_064-3-300x200.jpg 300w, https:\/\/m\u00e4rchenreiter.de\/wp-content\/uploads\/2024\/10\/Freinberg_20240908_064-3-768x512.jpg 768w, https:\/\/m\u00e4rchenreiter.de\/wp-content\/uploads\/2024\/10\/Freinberg_20240908_064-3-1536x1024.jpg 1536w, https:\/\/m\u00e4rchenreiter.de\/wp-content\/uploads\/2024\/10\/Freinberg_20240908_064-3-2048x1366.jpg 2048w, https:\/\/m\u00e4rchenreiter.de\/wp-content\/uploads\/2024\/10\/Freinberg_20240908_064-3-1140x760.jpg 1140w\" sizes=\"(max-width: 1024px) 100vw, 1024px\" \/><\/figure><\/li><\/ul><\/figure>\n\n\n\n<p>Die Hierwelt ist die Welt, in der Du lebst. Die Dortwelt ist die Heimat der Elementarwesenheiten, die Du hier als Elfen, Zwerge und Druiden bezeichnest.&nbsp;<br>Sie haben reinste Seelen und sch\u00f6pfen Ihre Kraft aus ihrem Naturelement, dem Feuer, dem Wasser, der Erde oder der Luft, mit dem sie tief verbunden sind.<br><\/p>\n\n\n\n<figure class=\"wp-block-gallery aligncenter columns-3 is-cropped\"><ul class=\"blocks-gallery-grid\"><li class=\"blocks-gallery-item\"><figure><img loading=\"lazy\" width=\"1024\" height=\"683\" src=\"https:\/\/m\u00e4rchenreiter.de\/wp-content\/uploads\/2024\/10\/Freinberg_20240908_087-1-1024x683.jpg\" alt=\"\" data-id=\"517\" data-full-url=\"https:\/\/m\u00e4rchenreiter.de\/wp-content\/uploads\/2024\/10\/Freinberg_20240908_087-1-scaled.jpg\" data-link=\"https:\/\/m\u00e4rchenreiter.de\/?attachment_id=517\" class=\"wp-image-517\" srcset=\"https:\/\/m\u00e4rchenreiter.de\/wp-content\/uploads\/2024\/10\/Freinberg_20240908_087-1-1024x683.jpg 1024w, https:\/\/m\u00e4rchenreiter.de\/wp-content\/uploads\/2024\/10\/Freinberg_20240908_087-1-300x200.jpg 300w, https:\/\/m\u00e4rchenreiter.de\/wp-content\/uploads\/2024\/10\/Freinberg_20240908_087-1-768x512.jpg 768w, https:\/\/m\u00e4rchenreiter.de\/wp-content\/uploads\/2024\/10\/Freinberg_20240908_087-1-1536x1024.jpg 1536w, https:\/\/m\u00e4rchenreiter.de\/wp-content\/uploads\/2024\/10\/Freinberg_20240908_087-1-2048x1366.jpg 2048w, https:\/\/m\u00e4rchenreiter.de\/wp-content\/uploads\/2024\/10\/Freinberg_20240908_087-1-1140x760.jpg 1140w\" sizes=\"(max-width: 1024px) 100vw, 1024px\" \/><\/figure><\/li><li class=\"blocks-gallery-item\"><figure><img loading=\"lazy\" width=\"1024\" height=\"683\" src=\"https:\/\/m\u00e4rchenreiter.de\/wp-content\/uploads\/2024\/10\/Freinberg_20240908_089-1-1024x683.jpg\" alt=\"\" data-id=\"518\" data-full-url=\"https:\/\/m\u00e4rchenreiter.de\/wp-content\/uploads\/2024\/10\/Freinberg_20240908_089-1-scaled.jpg\" data-link=\"https:\/\/m\u00e4rchenreiter.de\/?attachment_id=518\" class=\"wp-image-518\" srcset=\"https:\/\/m\u00e4rchenreiter.de\/wp-content\/uploads\/2024\/10\/Freinberg_20240908_089-1-1024x683.jpg 1024w, https:\/\/m\u00e4rchenreiter.de\/wp-content\/uploads\/2024\/10\/Freinberg_20240908_089-1-300x200.jpg 300w, https:\/\/m\u00e4rchenreiter.de\/wp-content\/uploads\/2024\/10\/Freinberg_20240908_089-1-768x512.jpg 768w, https:\/\/m\u00e4rchenreiter.de\/wp-content\/uploads\/2024\/10\/Freinberg_20240908_089-1-1536x1024.jpg 1536w, https:\/\/m\u00e4rchenreiter.de\/wp-content\/uploads\/2024\/10\/Freinberg_20240908_089-1-2048x1366.jpg 2048w, https:\/\/m\u00e4rchenreiter.de\/wp-content\/uploads\/2024\/10\/Freinberg_20240908_089-1-1140x760.jpg 1140w\" sizes=\"(max-width: 1024px) 100vw, 1024px\" \/><\/figure><\/li><li class=\"blocks-gallery-item\"><figure><img loading=\"lazy\" width=\"1024\" height=\"683\" src=\"https:\/\/m\u00e4rchenreiter.de\/wp-content\/uploads\/2024\/10\/Freinberg-Nachtrag_007-1-1024x683.jpg\" alt=\"\" data-id=\"516\" data-full-url=\"https:\/\/m\u00e4rchenreiter.de\/wp-content\/uploads\/2024\/10\/Freinberg-Nachtrag_007-1-scaled.jpg\" data-link=\"https:\/\/m\u00e4rchenreiter.de\/?attachment_id=516\" class=\"wp-image-516\" srcset=\"https:\/\/m\u00e4rchenreiter.de\/wp-content\/uploads\/2024\/10\/Freinberg-Nachtrag_007-1-1024x683.jpg 1024w, https:\/\/m\u00e4rchenreiter.de\/wp-content\/uploads\/2024\/10\/Freinberg-Nachtrag_007-1-300x200.jpg 300w, https:\/\/m\u00e4rchenreiter.de\/wp-content\/uploads\/2024\/10\/Freinberg-Nachtrag_007-1-768x512.jpg 768w, https:\/\/m\u00e4rchenreiter.de\/wp-content\/uploads\/2024\/10\/Freinberg-Nachtrag_007-1-1536x1024.jpg 1536w, https:\/\/m\u00e4rchenreiter.de\/wp-content\/uploads\/2024\/10\/Freinberg-Nachtrag_007-1-2048x1365.jpg 2048w, https:\/\/m\u00e4rchenreiter.de\/wp-content\/uploads\/2024\/10\/Freinberg-Nachtrag_007-1-1140x760.jpg 1140w\" sizes=\"(max-width: 1024px) 100vw, 1024px\" \/><\/figure><\/li><\/ul><\/figure>\n\n\n\n<div class=\"wp-block-columns\">\n<div class=\"wp-block-column\" style=\"flex-basis:100%\">\n<div class=\"wp-block-columns\">\n<div class=\"wp-block-column\" style=\"flex-basis:100%\">\n<div class=\"wp-block-group\"><div class=\"wp-block-group__inner-container\">\n<div class=\"wp-block-columns\">\n<div class=\"wp-block-column\" style=\"flex-basis:100%\">\n<p>Die Menschen der Hierwelt liebten es, mit den Elementarwesen auf der gro\u00dfen Blumenwiese am Dorfrand fr\u00f6hlich zu tanzen. Und was f\u00fcr ein ehrf\u00fcrchtiges Ereignis es immer war, wenn die Elementarwesen mit Feuer, Wasser, Erde und Luft durch das gro\u00dfe Nebeltor in die Hierwelt kamen.<\/p>\n\n\n\n<figure class=\"wp-block-gallery aligncenter columns-1 is-cropped\"><ul class=\"blocks-gallery-grid\"><li class=\"blocks-gallery-item\"><figure><img loading=\"lazy\" width=\"1024\" height=\"683\" src=\"https:\/\/m\u00e4rchenreiter.de\/wp-content\/uploads\/2024\/10\/Freinberg_20240908_033-1-1024x683.jpg\" alt=\"\" data-id=\"491\" class=\"wp-image-491\" srcset=\"https:\/\/m\u00e4rchenreiter.de\/wp-content\/uploads\/2024\/10\/Freinberg_20240908_033-1-1024x683.jpg 1024w, https:\/\/m\u00e4rchenreiter.de\/wp-content\/uploads\/2024\/10\/Freinberg_20240908_033-1-300x200.jpg 300w, https:\/\/m\u00e4rchenreiter.de\/wp-content\/uploads\/2024\/10\/Freinberg_20240908_033-1-768x512.jpg 768w, https:\/\/m\u00e4rchenreiter.de\/wp-content\/uploads\/2024\/10\/Freinberg_20240908_033-1-1536x1024.jpg 1536w, https:\/\/m\u00e4rchenreiter.de\/wp-content\/uploads\/2024\/10\/Freinberg_20240908_033-1-2048x1366.jpg 2048w, https:\/\/m\u00e4rchenreiter.de\/wp-content\/uploads\/2024\/10\/Freinberg_20240908_033-1-1140x760.jpg 1140w\" sizes=\"(max-width: 1024px) 100vw, 1024px\" \/><\/figure><\/li><\/ul><\/figure>\n\n\n\n<p>Doch stell Dir vor, eines Tages geschah etwas F\u00fcrchterliches: Urpl\u00f6tzlich breitete sich ein schwarzer Schatten \u00fcber der Tanzwiese aus, der alle Herzen verdunkeln wollte.<\/p>\n\n\n\n<figure class=\"wp-block-gallery columns-3 is-cropped\"><ul class=\"blocks-gallery-grid\"><li class=\"blocks-gallery-item\"><figure><img loading=\"lazy\" width=\"1024\" height=\"683\" src=\"https:\/\/m\u00e4rchenreiter.de\/wp-content\/uploads\/2024\/10\/freinberg_10.05.2024_126-1-1024x683.jpg\" alt=\"\" data-id=\"513\" data-full-url=\"https:\/\/m\u00e4rchenreiter.de\/wp-content\/uploads\/2024\/10\/freinberg_10.05.2024_126-1-scaled.jpg\" data-link=\"https:\/\/m\u00e4rchenreiter.de\/?attachment_id=513\" class=\"wp-image-513\" srcset=\"https:\/\/m\u00e4rchenreiter.de\/wp-content\/uploads\/2024\/10\/freinberg_10.05.2024_126-1-1024x683.jpg 1024w, https:\/\/m\u00e4rchenreiter.de\/wp-content\/uploads\/2024\/10\/freinberg_10.05.2024_126-1-300x200.jpg 300w, https:\/\/m\u00e4rchenreiter.de\/wp-content\/uploads\/2024\/10\/freinberg_10.05.2024_126-1-768x512.jpg 768w, https:\/\/m\u00e4rchenreiter.de\/wp-content\/uploads\/2024\/10\/freinberg_10.05.2024_126-1-1536x1024.jpg 1536w, https:\/\/m\u00e4rchenreiter.de\/wp-content\/uploads\/2024\/10\/freinberg_10.05.2024_126-1-2048x1365.jpg 2048w, https:\/\/m\u00e4rchenreiter.de\/wp-content\/uploads\/2024\/10\/freinberg_10.05.2024_126-1-1140x760.jpg 1140w\" sizes=\"(max-width: 1024px) 100vw, 1024px\" \/><\/figure><\/li><li class=\"blocks-gallery-item\"><figure><img loading=\"lazy\" width=\"1024\" height=\"683\" src=\"https:\/\/m\u00e4rchenreiter.de\/wp-content\/uploads\/2024\/10\/Freinberg_20240908_041-1024x683.jpg\" alt=\"\" data-id=\"545\" data-full-url=\"https:\/\/m\u00e4rchenreiter.de\/wp-content\/uploads\/2024\/10\/Freinberg_20240908_041-scaled.jpg\" data-link=\"https:\/\/m\u00e4rchenreiter.de\/?attachment_id=545\" class=\"wp-image-545\" srcset=\"https:\/\/m\u00e4rchenreiter.de\/wp-content\/uploads\/2024\/10\/Freinberg_20240908_041-1024x683.jpg 1024w, https:\/\/m\u00e4rchenreiter.de\/wp-content\/uploads\/2024\/10\/Freinberg_20240908_041-300x200.jpg 300w, https:\/\/m\u00e4rchenreiter.de\/wp-content\/uploads\/2024\/10\/Freinberg_20240908_041-768x512.jpg 768w, https:\/\/m\u00e4rchenreiter.de\/wp-content\/uploads\/2024\/10\/Freinberg_20240908_041-1536x1024.jpg 1536w, https:\/\/m\u00e4rchenreiter.de\/wp-content\/uploads\/2024\/10\/Freinberg_20240908_041-2048x1366.jpg 2048w, https:\/\/m\u00e4rchenreiter.de\/wp-content\/uploads\/2024\/10\/Freinberg_20240908_041-1140x760.jpg 1140w\" sizes=\"(max-width: 1024px) 100vw, 1024px\" \/><\/figure><\/li><li class=\"blocks-gallery-item\"><figure><img loading=\"lazy\" width=\"683\" height=\"1024\" src=\"https:\/\/m\u00e4rchenreiter.de\/wp-content\/uploads\/2024\/10\/Freinberg-Nachtrag_011-1-683x1024.jpg\" alt=\"\" data-id=\"512\" data-full-url=\"https:\/\/m\u00e4rchenreiter.de\/wp-content\/uploads\/2024\/10\/Freinberg-Nachtrag_011-1-scaled.jpg\" data-link=\"https:\/\/m\u00e4rchenreiter.de\/?attachment_id=512\" class=\"wp-image-512\" srcset=\"https:\/\/m\u00e4rchenreiter.de\/wp-content\/uploads\/2024\/10\/Freinberg-Nachtrag_011-1-683x1024.jpg 683w, https:\/\/m\u00e4rchenreiter.de\/wp-content\/uploads\/2024\/10\/Freinberg-Nachtrag_011-1-200x300.jpg 200w, https:\/\/m\u00e4rchenreiter.de\/wp-content\/uploads\/2024\/10\/Freinberg-Nachtrag_011-1-768x1152.jpg 768w, https:\/\/m\u00e4rchenreiter.de\/wp-content\/uploads\/2024\/10\/Freinberg-Nachtrag_011-1-1024x1536.jpg 1024w, https:\/\/m\u00e4rchenreiter.de\/wp-content\/uploads\/2024\/10\/Freinberg-Nachtrag_011-1-1365x2048.jpg 1365w, https:\/\/m\u00e4rchenreiter.de\/wp-content\/uploads\/2024\/10\/Freinberg-Nachtrag_011-1-1140x1710.jpg 1140w, https:\/\/m\u00e4rchenreiter.de\/wp-content\/uploads\/2024\/10\/Freinberg-Nachtrag_011-1-scaled.jpg 1707w\" sizes=\"(max-width: 683px) 100vw, 683px\" \/><\/figure><\/li><\/ul><\/figure>\n\n\n\n<p>Um ihr Volk und die Menschen zu besch\u00fctzen, stellte sich die Hohepriesterin dem Schwarz in den Weg. Doch wie wird der Kampf zwischen Licht und Schatten ausgehen?<\/p>\n<\/div>\n<\/div>\n<\/div><\/div>\n\n\n\n<figure class=\"wp-block-gallery columns-2 is-cropped\"><ul class=\"blocks-gallery-grid\"><li class=\"blocks-gallery-item\"><figure><img loading=\"lazy\" width=\"1024\" height=\"683\" src=\"https:\/\/m\u00e4rchenreiter.de\/wp-content\/uploads\/2024\/10\/Freinberg_20240908_107-1-1024x683.jpg\" alt=\"\" data-id=\"514\" data-full-url=\"https:\/\/m\u00e4rchenreiter.de\/wp-content\/uploads\/2024\/10\/Freinberg_20240908_107-1-scaled.jpg\" data-link=\"https:\/\/m\u00e4rchenreiter.de\/?attachment_id=514\" class=\"wp-image-514\" srcset=\"https:\/\/m\u00e4rchenreiter.de\/wp-content\/uploads\/2024\/10\/Freinberg_20240908_107-1-1024x683.jpg 1024w, https:\/\/m\u00e4rchenreiter.de\/wp-content\/uploads\/2024\/10\/Freinberg_20240908_107-1-300x200.jpg 300w, https:\/\/m\u00e4rchenreiter.de\/wp-content\/uploads\/2024\/10\/Freinberg_20240908_107-1-768x512.jpg 768w, https:\/\/m\u00e4rchenreiter.de\/wp-content\/uploads\/2024\/10\/Freinberg_20240908_107-1-1536x1024.jpg 1536w, https:\/\/m\u00e4rchenreiter.de\/wp-content\/uploads\/2024\/10\/Freinberg_20240908_107-1-2048x1366.jpg 2048w, https:\/\/m\u00e4rchenreiter.de\/wp-content\/uploads\/2024\/10\/Freinberg_20240908_107-1-1140x760.jpg 1140w\" sizes=\"(max-width: 1024px) 100vw, 1024px\" \/><\/figure><\/li><li class=\"blocks-gallery-item\"><figure><img loading=\"lazy\" width=\"1024\" height=\"682\" src=\"https:\/\/m\u00e4rchenreiter.de\/wp-content\/uploads\/2024\/10\/Freinberg_20240908_135-1-1024x682.jpg\" alt=\"\" data-id=\"515\" data-full-url=\"https:\/\/m\u00e4rchenreiter.de\/wp-content\/uploads\/2024\/10\/Freinberg_20240908_135-1-scaled.jpg\" data-link=\"https:\/\/m\u00e4rchenreiter.de\/?attachment_id=515\" class=\"wp-image-515\" srcset=\"https:\/\/m\u00e4rchenreiter.de\/wp-content\/uploads\/2024\/10\/Freinberg_20240908_135-1-1024x682.jpg 1024w, https:\/\/m\u00e4rchenreiter.de\/wp-content\/uploads\/2024\/10\/Freinberg_20240908_135-1-300x200.jpg 300w, https:\/\/m\u00e4rchenreiter.de\/wp-content\/uploads\/2024\/10\/Freinberg_20240908_135-1-768x512.jpg 768w, https:\/\/m\u00e4rchenreiter.de\/wp-content\/uploads\/2024\/10\/Freinberg_20240908_135-1-1536x1024.jpg 1536w, https:\/\/m\u00e4rchenreiter.de\/wp-content\/uploads\/2024\/10\/Freinberg_20240908_135-1-2048x1365.jpg 2048w, https:\/\/m\u00e4rchenreiter.de\/wp-content\/uploads\/2024\/10\/Freinberg_20240908_135-1-1140x760.jpg 1140w\" sizes=\"(max-width: 1024px) 100vw, 1024px\" \/><\/figure><\/li><\/ul><\/figure>\n<\/div>\n<\/div>\n<\/div>\n<\/div>\n\n\n\n<p><\/p>\n","protected":false},"excerpt":{"rendered":"<p>Das M\u00e4rchen vom Nebelwald erz\u00e4hlt die Geschichte, als das gro\u00dfe Nebeltor zwischen der Hierwelt und der Dortwelt noch weit ge\u00f6ffnet war. Die Hierwelt ist die Welt, in der Du lebst. Die Dortwelt ist die Heimat der Elementarwesenheiten, die Du hier als Elfen, Zwerge und Druiden bezeichnest.&nbsp;Sie haben reinste Seelen und sch\u00f6pfen Ihre Kraft aus ihrem Naturelement, dem Feuer, dem Wasser, der Erde oder der Luft, mit dem sie tief verbunden sind. Die Menschen der Hierwelt liebten es, mit den Elementarwesen auf der gro\u00dfen Blumenwiese am Dorfrand fr\u00f6hlich zu tanzen. Und was f\u00fcr ein ehrf\u00fcrchtiges Ereignis es immer war, wenn die Elementarwesen mit Feuer, Wasser, Erde und Luft durch das gro\u00dfe Nebeltor in die Hierwelt kamen. Doch stell Dir vor, eines Tages geschah etwas F\u00fcrchterliches: Urpl\u00f6tzlich breitete sich ein schwarzer Schatten \u00fcber der Tanzwiese aus, der alle Herzen verdunkeln wollte. Um ihr Volk und die Menschen zu besch\u00fctzen, stellte sich die Hohepriesterin dem Schwarz in den Weg. Doch wie wird der Kampf zwischen Licht und Schatten ausgehen?<\/p>\n","protected":false},"author":1,"featured_media":0,"parent":0,"menu_order":0,"comment_status":"closed","ping_status":"closed","template":"","meta":[],"_links":{"self":[{"href":"https:\/\/m\u00e4rchenreiter.de\/index.php?rest_route=\/wp\/v2\/pages\/2"}],"collection":[{"href":"https:\/\/m\u00e4rchenreiter.de\/index.php?rest_route=\/wp\/v2\/pages"}],"about":[{"href":"https:\/\/m\u00e4rchenreiter.de\/index.php?rest_route=\/wp\/v2\/types\/page"}],"author":[{"embeddable":true,"href":"https:\/\/m\u00e4rchenreiter.de\/index.php?rest_route=\/wp\/v2\/users\/1"}],"replies":[{"embeddable":true,"href":"https:\/\/m\u00e4rchenreiter.de\/index.php?rest_route=%2Fwp%2Fv2%2Fcomments&post=2"}],"version-history":[{"count":37,"href":"https:\/\/m\u00e4rchenreiter.de\/index.php?rest_route=\/wp\/v2\/pages\/2\/revisions"}],"predecessor-version":[{"id":546,"href":"https:\/\/m\u00e4rchenreiter.de\/index.php?rest_route=\/wp\/v2\/pages\/2\/revisions\/546"}],"wp:attachment":[{"href":"https:\/\/m\u00e4rchenreiter.de\/index.php?rest_route=%2Fwp%2Fv2%2Fmedia&parent=2"}],"curies":[{"name":"wp","href":"https:\/\/api.w.org\/{rel}","templated":true}]}}