{"id":466,"date":"2025-03-30T09:04:58","date_gmt":"2025-03-30T07:04:58","guid":{"rendered":"https:\/\/m\u00e4rchenreiter.de\/?page_id=466"},"modified":"2025-04-03T19:32:05","modified_gmt":"2025-04-03T17:32:05","slug":"hinter-den-kulissen","status":"publish","type":"page","link":"https:\/\/m\u00e4rchenreiter.de\/?page_id=466","title":{"rendered":"Hinter den Kulissen"},"content":{"rendered":"\n<p>Unser M\u00e4rchen vom Nebeltor ist mehr als nur das Spiel auf der B\u00fchne &#8211; es ist das Werk vieler flei\u00dfiger H\u00e4nde, kreativer K\u00f6pfe und tatkr\u00e4ftiger Unterst\u00fctzer. Ohne euch w\u00fcrde diese magische Welt nicht zum Leben erweckt werden!<\/p>\n\n\n\n<p>Wir danken allen, die hinter den Kulissen gro\u00dfartiges leisten: den flei\u00dfigen B\u00e4ckerinnen und B\u00e4ckern, die mit ihren K\u00f6stlichkeiten f\u00fcr genussvolle Momente sorgen, den Technikprofis, die Licht und Sound in perfekte Harmonie bringen, den K\u00fcnstlerinnen und K\u00fcnstlern, die mit B\u00fchnenbild und Kost\u00fcmen eine fantastische Kulisse erschaffen und allen anderen flei\u00dfigen H\u00e4nden, die die M\u00e4rchenreiter-Auff\u00fchrung \u00fcberhaupt m\u00f6glich machen. <\/p>\n\n\n\n<p class=\"has-text-align-center has-medium-font-size\">Euer Engagement macht unser Theater zu etwas ganz Besonderem. Danke, dass ihr Teil dieses zauberhaften Erlebnisses seid!<\/p>\n\n\n\n<figure class=\"wp-block-gallery columns-3 is-cropped\"><ul class=\"blocks-gallery-grid\"><li class=\"blocks-gallery-item\"><figure><img loading=\"lazy\" width=\"683\" height=\"1024\" src=\"https:\/\/m\u00e4rchenreiter.de\/wp-content\/uploads\/2025\/01\/freinberg_10.05.2024_001-683x1024.jpg\" alt=\"\" data-id=\"580\" data-link=\"https:\/\/m\u00e4rchenreiter.de\/?attachment_id=580\" class=\"wp-image-580\" srcset=\"https:\/\/m\u00e4rchenreiter.de\/wp-content\/uploads\/2025\/01\/freinberg_10.05.2024_001-683x1024.jpg 683w, https:\/\/m\u00e4rchenreiter.de\/wp-content\/uploads\/2025\/01\/freinberg_10.05.2024_001-200x300.jpg 200w, https:\/\/m\u00e4rchenreiter.de\/wp-content\/uploads\/2025\/01\/freinberg_10.05.2024_001-768x1152.jpg 768w, https:\/\/m\u00e4rchenreiter.de\/wp-content\/uploads\/2025\/01\/freinberg_10.05.2024_001-1024x1536.jpg 1024w, https:\/\/m\u00e4rchenreiter.de\/wp-content\/uploads\/2025\/01\/freinberg_10.05.2024_001-1365x2048.jpg 1365w, https:\/\/m\u00e4rchenreiter.de\/wp-content\/uploads\/2025\/01\/freinberg_10.05.2024_001-1140x1710.jpg 1140w, https:\/\/m\u00e4rchenreiter.de\/wp-content\/uploads\/2025\/01\/freinberg_10.05.2024_001-scaled.jpg 1707w\" sizes=\"(max-width: 683px) 100vw, 683px\" \/><\/figure><\/li><li class=\"blocks-gallery-item\"><figure><img loading=\"lazy\" width=\"768\" height=\"1024\" src=\"https:\/\/m\u00e4rchenreiter.de\/wp-content\/uploads\/2025\/03\/WhatsApp-Image-2025-03-14-at-12.58.00-1-768x1024.jpeg\" alt=\"\" data-id=\"588\" data-full-url=\"https:\/\/m\u00e4rchenreiter.de\/wp-content\/uploads\/2025\/03\/WhatsApp-Image-2025-03-14-at-12.58.00-1.jpeg\" data-link=\"https:\/\/m\u00e4rchenreiter.de\/?attachment_id=588\" class=\"wp-image-588\" srcset=\"https:\/\/m\u00e4rchenreiter.de\/wp-content\/uploads\/2025\/03\/WhatsApp-Image-2025-03-14-at-12.58.00-1-768x1024.jpeg 768w, https:\/\/m\u00e4rchenreiter.de\/wp-content\/uploads\/2025\/03\/WhatsApp-Image-2025-03-14-at-12.58.00-1-225x300.jpeg 225w, https:\/\/m\u00e4rchenreiter.de\/wp-content\/uploads\/2025\/03\/WhatsApp-Image-2025-03-14-at-12.58.00-1-1152x1536.jpeg 1152w, https:\/\/m\u00e4rchenreiter.de\/wp-content\/uploads\/2025\/03\/WhatsApp-Image-2025-03-14-at-12.58.00-1-1140x1520.jpeg 1140w, https:\/\/m\u00e4rchenreiter.de\/wp-content\/uploads\/2025\/03\/WhatsApp-Image-2025-03-14-at-12.58.00-1.jpeg 1200w\" sizes=\"(max-width: 768px) 100vw, 768px\" \/><\/figure><\/li><li class=\"blocks-gallery-item\"><figure><img loading=\"lazy\" width=\"768\" height=\"1024\" src=\"https:\/\/m\u00e4rchenreiter.de\/wp-content\/uploads\/2025\/03\/WhatsApp-Image-2025-03-14-at-12.57.51-768x1024.jpeg\" alt=\"\" data-id=\"586\" data-link=\"https:\/\/m\u00e4rchenreiter.de\/?attachment_id=586\" class=\"wp-image-586\" srcset=\"https:\/\/m\u00e4rchenreiter.de\/wp-content\/uploads\/2025\/03\/WhatsApp-Image-2025-03-14-at-12.57.51-768x1024.jpeg 768w, https:\/\/m\u00e4rchenreiter.de\/wp-content\/uploads\/2025\/03\/WhatsApp-Image-2025-03-14-at-12.57.51-225x300.jpeg 225w, https:\/\/m\u00e4rchenreiter.de\/wp-content\/uploads\/2025\/03\/WhatsApp-Image-2025-03-14-at-12.57.51-1152x1536.jpeg 1152w, https:\/\/m\u00e4rchenreiter.de\/wp-content\/uploads\/2025\/03\/WhatsApp-Image-2025-03-14-at-12.57.51-1140x1520.jpeg 1140w, https:\/\/m\u00e4rchenreiter.de\/wp-content\/uploads\/2025\/03\/WhatsApp-Image-2025-03-14-at-12.57.51.jpeg 1200w\" sizes=\"(max-width: 768px) 100vw, 768px\" \/><\/figure><\/li><li class=\"blocks-gallery-item\"><figure><img loading=\"lazy\" width=\"682\" height=\"1024\" src=\"https:\/\/m\u00e4rchenreiter.de\/wp-content\/uploads\/2025\/01\/Freinberg_20240908_003-682x1024.jpg\" alt=\"\" data-id=\"581\" data-link=\"https:\/\/m\u00e4rchenreiter.de\/?attachment_id=581\" class=\"wp-image-581\" srcset=\"https:\/\/m\u00e4rchenreiter.de\/wp-content\/uploads\/2025\/01\/Freinberg_20240908_003-682x1024.jpg 682w, https:\/\/m\u00e4rchenreiter.de\/wp-content\/uploads\/2025\/01\/Freinberg_20240908_003-200x300.jpg 200w, https:\/\/m\u00e4rchenreiter.de\/wp-content\/uploads\/2025\/01\/Freinberg_20240908_003-768x1152.jpg 768w, https:\/\/m\u00e4rchenreiter.de\/wp-content\/uploads\/2025\/01\/Freinberg_20240908_003-1024x1536.jpg 1024w, https:\/\/m\u00e4rchenreiter.de\/wp-content\/uploads\/2025\/01\/Freinberg_20240908_003-1365x2048.jpg 1365w, https:\/\/m\u00e4rchenreiter.de\/wp-content\/uploads\/2025\/01\/Freinberg_20240908_003-1140x1710.jpg 1140w, https:\/\/m\u00e4rchenreiter.de\/wp-content\/uploads\/2025\/01\/Freinberg_20240908_003-scaled.jpg 1706w\" sizes=\"(max-width: 682px) 100vw, 682px\" \/><\/figure><\/li><li class=\"blocks-gallery-item\"><figure><img loading=\"lazy\" width=\"768\" height=\"1024\" src=\"https:\/\/m\u00e4rchenreiter.de\/wp-content\/uploads\/2025\/03\/WhatsApp-Image-2025-03-14-at-12.58.14-1-768x1024.jpeg\" alt=\"\" data-id=\"587\" data-link=\"https:\/\/m\u00e4rchenreiter.de\/?attachment_id=587\" class=\"wp-image-587\" srcset=\"https:\/\/m\u00e4rchenreiter.de\/wp-content\/uploads\/2025\/03\/WhatsApp-Image-2025-03-14-at-12.58.14-1-768x1024.jpeg 768w, https:\/\/m\u00e4rchenreiter.de\/wp-content\/uploads\/2025\/03\/WhatsApp-Image-2025-03-14-at-12.58.14-1-225x300.jpeg 225w, https:\/\/m\u00e4rchenreiter.de\/wp-content\/uploads\/2025\/03\/WhatsApp-Image-2025-03-14-at-12.58.14-1-1152x1536.jpeg 1152w, https:\/\/m\u00e4rchenreiter.de\/wp-content\/uploads\/2025\/03\/WhatsApp-Image-2025-03-14-at-12.58.14-1-1140x1520.jpeg 1140w, https:\/\/m\u00e4rchenreiter.de\/wp-content\/uploads\/2025\/03\/WhatsApp-Image-2025-03-14-at-12.58.14-1.jpeg 1200w\" sizes=\"(max-width: 768px) 100vw, 768px\" \/><\/figure><\/li><\/ul><\/figure>\n\n\n\n<p class=\"has-medium-font-size\"><\/p>\n","protected":false},"excerpt":{"rendered":"<p>Unser M\u00e4rchen vom Nebeltor ist mehr als nur das Spiel auf der B\u00fchne &#8211; es ist das Werk vieler flei\u00dfiger H\u00e4nde, kreativer K\u00f6pfe und tatkr\u00e4ftiger Unterst\u00fctzer. Ohne euch w\u00fcrde diese magische Welt nicht zum Leben erweckt werden! Wir danken allen, die hinter den Kulissen gro\u00dfartiges leisten: den flei\u00dfigen B\u00e4ckerinnen und B\u00e4ckern, die mit ihren K\u00f6stlichkeiten f\u00fcr genussvolle Momente sorgen, den Technikprofis, die Licht und Sound in perfekte Harmonie bringen, den K\u00fcnstlerinnen und K\u00fcnstlern, die mit B\u00fchnenbild und Kost\u00fcmen eine fantastische Kulisse erschaffen und allen anderen flei\u00dfigen H\u00e4nden, die die M\u00e4rchenreiter-Auff\u00fchrung \u00fcberhaupt m\u00f6glich machen. Euer Engagement macht unser Theater zu etwas ganz Besonderem. Danke, dass ihr Teil dieses zauberhaften Erlebnisses seid!<\/p>\n","protected":false},"author":1,"featured_media":0,"parent":0,"menu_order":2,"comment_status":"closed","ping_status":"closed","template":"","meta":[],"_links":{"self":[{"href":"https:\/\/m\u00e4rchenreiter.de\/index.php?rest_route=\/wp\/v2\/pages\/466"}],"collection":[{"href":"https:\/\/m\u00e4rchenreiter.de\/index.php?rest_route=\/wp\/v2\/pages"}],"about":[{"href":"https:\/\/m\u00e4rchenreiter.de\/index.php?rest_route=\/wp\/v2\/types\/page"}],"author":[{"embeddable":true,"href":"https:\/\/m\u00e4rchenreiter.de\/index.php?rest_route=\/wp\/v2\/users\/1"}],"replies":[{"embeddable":true,"href":"https:\/\/m\u00e4rchenreiter.de\/index.php?rest_route=%2Fwp%2Fv2%2Fcomments&post=466"}],"version-history":[{"count":2,"href":"https:\/\/m\u00e4rchenreiter.de\/index.php?rest_route=\/wp\/v2\/pages\/466\/revisions"}],"predecessor-version":[{"id":589,"href":"https:\/\/m\u00e4rchenreiter.de\/index.php?rest_route=\/wp\/v2\/pages\/466\/revisions\/589"}],"wp:attachment":[{"href":"https:\/\/m\u00e4rchenreiter.de\/index.php?rest_route=%2Fwp%2Fv2%2Fmedia&parent=466"}],"curies":[{"name":"wp","href":"https:\/\/api.w.org\/{rel}","templated":true}]}}